{"id":118,"date":"2021-07-23T20:55:53","date_gmt":"2021-07-23T23:55:53","guid":{"rendered":"http:\/\/gecas.provisorio.ws\/?page_id=118"},"modified":"2022-03-06T20:31:59","modified_gmt":"2022-03-06T20:31:59","slug":"atividades","status":"publish","type":"page","link":"https:\/\/gecas.com.br\/?page_id=118","title":{"rendered":"Atividades"},"content":{"rendered":"\n<p>O GECAS atua por meio das seguintes atividades:<\/p>\n\n\n\n<p><strong><span class=\"has-inline-color has-neve-link-color-color\">Teoria em foco:<\/span><\/strong><span style=\"color:#ce0707\" class=\"has-inline-color\"> <\/span>encontros mensais dedicados \u00e0 revis\u00e3o cr\u00edtica e reflexiva de textos can\u00f4nicos dos estudos em Cinema e Audiovisual. Cada texto lido e discutido \u00e9 relacionado a uma obra audiovisual. Objetiva-se compreender os sentidos e o impacto de textos e obras no pensamento e na cultura local, brasileira e mundial, principalmente em seus aspectos est\u00e9ticos, narrativos e na cria\u00e7\u00e3o de discursos.<\/p>\n\n\n\n<p><strong><span class=\"has-inline-color has-black-color\">Semin\u00e1rios de pesquisa:<\/span><\/strong><span style=\"color:#af0003\" class=\"has-inline-color\"> <\/span>apresenta\u00e7\u00f5es das pesquisas dos membros do Grupo para acompanhamento e discuss\u00e3o.<\/p>\n\n\n\n<p><span class=\"has-inline-color has-neve-link-color-color\"><strong>Cursos especiais:<\/strong> <\/span>cursos de curta dura\u00e7\u00e3o, ministrados por membros ou convidados, sobre temas espec\u00edficos relacionados ao campo de estudos do Gecas.<\/p>\n\n\n\n<p><strong><span class=\"has-inline-color has-neve-link-color-color\">Mostras:<\/span> <\/strong>exibi\u00e7\u00f5es audiovisuais seguidas de discuss\u00e3o.<\/p>\n\n\n\n<p><strong><span class=\"has-inline-color has-neve-link-color-color\">Produ\u00e7\u00e3o: <\/span><\/strong>realiza\u00e7\u00e3o de textos acad\u00eamicos e projetos art\u00edsticos pelos membros do grupo.<\/p>\n\n\n\n<p>Al\u00e9m das atividades acima, o GECAS abriga as pesquisas desenvolvidas por seus membros em seus diversos n\u00edveis e formatos: trabalhos de conclus\u00e3o de curso de gradua\u00e7\u00e3o, inicia\u00e7\u00f5es cient\u00edficas, disserta\u00e7\u00f5es de mestrado, estudos dirigidos, entre outros.<\/p>\n","protected":false},"excerpt":{"rendered":"<p>O GECAS atua por meio das seguintes atividades: Teoria em foco: encontros mensais dedicados \u00e0 revis\u00e3o cr\u00edtica e reflexiva de textos can\u00f4nicos dos estudos em Cinema e Audiovisual. Cada texto lido e discutido \u00e9 relacionado a uma obra audiovisual. Objetiva-se compreender os sentidos e o impacto de textos e obras [&hellip;]<\/p>\n","protected":false},"author":2,"featured_media":0,"parent":0,"menu_order":0,"comment_status":"closed","ping_status":"closed","template":"","meta":{"footnotes":""},"class_list":["post-118","page","type-page","status-publish","hentry"],"_hostinger_reach_plugin_has_subscription_block":false,"_hostinger_reach_plugin_is_elementor":false,"_links":{"self":[{"href":"https:\/\/gecas.com.br\/index.php?rest_route=\/wp\/v2\/pages\/118","targetHints":{"allow":["GET"]}}],"collection":[{"href":"https:\/\/gecas.com.br\/index.php?rest_route=\/wp\/v2\/pages"}],"about":[{"href":"https:\/\/gecas.com.br\/index.php?rest_route=\/wp\/v2\/types\/page"}],"author":[{"embeddable":true,"href":"https:\/\/gecas.com.br\/index.php?rest_route=\/wp\/v2\/users\/2"}],"replies":[{"embeddable":true,"href":"https:\/\/gecas.com.br\/index.php?rest_route=%2Fwp%2Fv2%2Fcomments&post=118"}],"version-history":[{"count":1,"href":"https:\/\/gecas.com.br\/index.php?rest_route=\/wp\/v2\/pages\/118\/revisions"}],"predecessor-version":[{"id":138,"href":"https:\/\/gecas.com.br\/index.php?rest_route=\/wp\/v2\/pages\/118\/revisions\/138"}],"wp:attachment":[{"href":"https:\/\/gecas.com.br\/index.php?rest_route=%2Fwp%2Fv2%2Fmedia&parent=118"}],"curies":[{"name":"wp","href":"https:\/\/api.w.org\/{rel}","templated":true}]}}