{"id":42,"date":"2021-06-30T17:57:59","date_gmt":"2021-06-30T20:57:59","guid":{"rendered":"http:\/\/gecas.provisorio.ws\/?page_id=42"},"modified":"2022-03-06T21:54:22","modified_gmt":"2022-03-06T21:54:22","slug":"sobre","status":"publish","type":"page","link":"https:\/\/gecas.com.br\/?page_id=42","title":{"rendered":"Sobre"},"content":{"rendered":"\n<figure class=\"wp-block-image is-resized is-style-default\"><img loading=\"lazy\" decoding=\"async\" src=\"https:\/\/gecas.com.br\/wp-content\/uploads\/2022\/03\/cropped-Captura-de-Tela-2022-03-06-a\u0300s-16.17.32.png\" alt=\"\" class=\"wp-image-124\" width=\"274\" height=\"131\" srcset=\"https:\/\/gecas.com.br\/wp-content\/uploads\/2022\/03\/cropped-Captura-de-Tela-2022-03-06-a\u0300s-16.17.32.png 978w, https:\/\/gecas.com.br\/wp-content\/uploads\/2022\/03\/cropped-Captura-de-Tela-2022-03-06-a\u0300s-16.17.32-300x144.png 300w, https:\/\/gecas.com.br\/wp-content\/uploads\/2022\/03\/cropped-Captura-de-Tela-2022-03-06-a\u0300s-16.17.32-768x368.png 768w\" sizes=\"auto, (max-width: 274px) 100vw, 274px\" \/><\/figure>\n\n\n\n<p>O <a href=\"http:\/\/dgp.cnpq.br\/dgp\/espelhogrupo\/5639289399574687\" data-type=\"URL\" data-id=\"http:\/\/dgp.cnpq.br\/dgp\/espelhogrupo\/5639289399574687\">GECAS &#8211; Grupo de Estudos em Cinemas e Audiovisuais<\/a>  est\u00e1 vinculado ao <a href=\"https:\/\/www.ufmt.br\/ppgcom\/\" target=\"_blank\" rel=\"noreferrer noopener\">Programa de P\u00f3s-Gradua\u00e7\u00e3o em Comunica\u00e7\u00e3o (PPGCOM)<\/a> e aos cursos de gradua\u00e7\u00e3o em <a href=\"https:\/\/ufmt.br\/curso\/cav\" target=\"_blank\" rel=\"noreferrer noopener\">Cinema e Audiovisual<\/a> e em Radialismo da Universidade Federal de Mato Grosso. O grupo nasceu em 2019, com a inten\u00e7\u00e3o de fortalecer o rec\u00e9m-criado curso de Cinema e Audiovisual (fundado em 2018), al\u00e9m de fomentar a discuss\u00e3o e a constru\u00e7\u00e3o de um referencial te\u00f3rico norteador para os docentes rec\u00e9m-chegados e os demais provenientes do curso de Radialismo, que atualmente n\u00e3o \u00e9 mais ofertado. O GECAS tem como objetivo estimular o debate e formar um espa\u00e7o de reflex\u00e3o entre docentes, discentes, pesquisadores e profissionais do audiovisual, unindo pesquisa, ensino e extens\u00e3o.<\/p>\n\n\n\n<p>Dessa maneira, o grupo se constitui como um ambiente para discuss\u00e3o e reflex\u00e3o sobre teorias e pr\u00e1ticas audiovisuais em sua diversidade de manifesta\u00e7\u00f5es, como o cinema (industrial, independente, experimental etc.), o v\u00eddeo, a televis\u00e3o e outros formatos da imagem e do som. Assim, o GECAS se organiza em torno de duas linhas de pesquisa: <\/p>\n\n\n\n<p><strong><span class=\"has-inline-color has-neve-link-color-color\">1. Cinema, Audiovisual e Ensino:<\/span><\/strong> dedica-se \u00e0 reflex\u00e3o sobre o cinema e o audiovisual como recursos para o ensino, bem como sobre as pr\u00e1ticas docentes e viv\u00eancias no ensino de Cinema. Nesta perspectiva, s\u00e3o estudadas as rela\u00e7\u00f5es e aproxima\u00e7\u00f5es entre cinema e educa\u00e7\u00e3o, pr\u00e1ticas pedag\u00f3gicas com o cinema voltadas para a educa\u00e7\u00e3o b\u00e1sica, como tamb\u00e9m as destinadas \u00e0 gradua\u00e7\u00e3o em Cinema.<\/p>\n\n\n\n<p><strong><span class=\"has-inline-color has-neve-link-color-color\">2. Po\u00e9ticas da Imagem e do Som:<\/span><\/strong> volta-se sobre a investiga\u00e7\u00e3o das formas expressivas da imagem, do som e do audiovisual, em seus diversos formatos, buscando uma abordagem cr\u00edtica de seus aspectos est\u00e9ticos, narrativos e discursivos, bem como de suas implica\u00e7\u00f5es s\u00f3cio-culturais.<\/p>\n\n\n\n<p><br><\/p>\n","protected":false},"excerpt":{"rendered":"<p>O GECAS &#8211; Grupo de Estudos em Cinemas e Audiovisuais est\u00e1 vinculado ao Programa de P\u00f3s-Gradua\u00e7\u00e3o em Comunica\u00e7\u00e3o (PPGCOM) e aos cursos de gradua\u00e7\u00e3o em Cinema e Audiovisual e em Radialismo da Universidade Federal de Mato Grosso. O grupo nasceu em 2019, com a inten\u00e7\u00e3o de fortalecer o rec\u00e9m-criado curso [&hellip;]<\/p>\n","protected":false},"author":2,"featured_media":39,"parent":0,"menu_order":0,"comment_status":"closed","ping_status":"closed","template":"","meta":{"footnotes":""},"class_list":["post-42","page","type-page","status-publish","has-post-thumbnail","hentry"],"_hostinger_reach_plugin_has_subscription_block":false,"_hostinger_reach_plugin_is_elementor":false,"_links":{"self":[{"href":"https:\/\/gecas.com.br\/index.php?rest_route=\/wp\/v2\/pages\/42","targetHints":{"allow":["GET"]}}],"collection":[{"href":"https:\/\/gecas.com.br\/index.php?rest_route=\/wp\/v2\/pages"}],"about":[{"href":"https:\/\/gecas.com.br\/index.php?rest_route=\/wp\/v2\/types\/page"}],"author":[{"embeddable":true,"href":"https:\/\/gecas.com.br\/index.php?rest_route=\/wp\/v2\/users\/2"}],"replies":[{"embeddable":true,"href":"https:\/\/gecas.com.br\/index.php?rest_route=%2Fwp%2Fv2%2Fcomments&post=42"}],"version-history":[{"count":5,"href":"https:\/\/gecas.com.br\/index.php?rest_route=\/wp\/v2\/pages\/42\/revisions"}],"predecessor-version":[{"id":175,"href":"https:\/\/gecas.com.br\/index.php?rest_route=\/wp\/v2\/pages\/42\/revisions\/175"}],"wp:featuredmedia":[{"embeddable":true,"href":"https:\/\/gecas.com.br\/index.php?rest_route=\/"}],"wp:attachment":[{"href":"https:\/\/gecas.com.br\/index.php?rest_route=%2Fwp%2Fv2%2Fmedia&parent=42"}],"curies":[{"name":"wp","href":"https:\/\/api.w.org\/{rel}","templated":true}]}}