{"id":45,"date":"2021-06-30T17:57:59","date_gmt":"2021-06-30T20:57:59","guid":{"rendered":"http:\/\/gecas.provisorio.ws\/?page_id=45"},"modified":"2023-08-05T16:04:38","modified_gmt":"2023-08-05T16:04:38","slug":"uma-secao-de-pagina-inicial","status":"publish","type":"page","link":"https:\/\/gecas.com.br\/?page_id=45","title":{"rendered":"Produ\u00e7\u00f5es"},"content":{"rendered":"\n<p><strong>Trabalhos publicados:<\/strong><\/p>\n\n\n\n<p><strong>Projeto de Pesquisa: Desastre e risco: arranjos midi\u00e1ticos e constru\u00e7\u00e3o de discursos em narrativas ficcionais e n\u00e3o ficcionais<\/strong><\/p>\n\n\n\n<p>(Anais Intercom) <a href=\"https:\/\/portalintercom.org.br\/anais\/nacional2021\/resumos\/ij04\/diego-roberto-silva-cavalcante.pdf\">Est\u00e9ticas, narrativas e modos de produ\u00e7\u00e3o da fic\u00e7\u00e3o televisiva em tempos de pandemia: um estudo da s\u00e9rie &#8216;Di\u00e1rio de um Confinado&#8217;<\/a><\/p>\n\n\n\n<p>(Anais Coninter): <a href=\"https:\/\/www.even3.com.br\/anais\/coninter2020\/298667-politicas-da-cultura-em-tempos-de-pandemia--impactos-no-cinema\/\">Pol\u00edticas da cultura em tempos de pandemia: impactos no cinema<\/a><\/p>\n\n\n\n<p><strong>Projeto de Pesquisa: Narrativas da Mem\u00f3ria no Audiovisual: lembran\u00e7a, esquecimento e legibilidade hist\u00f3rica<\/strong><\/p>\n\n\n\n<p>(Revista Logos):&nbsp;<a href=\"https:\/\/www.e-publicacoes.uerj.br\/index.php\/logos\/article\/view\/61742\">Fantasmagorias da escravid\u00e3o no cinema brasileiro: anacronismos e sobreviv\u00eancias de um passado traum\u00e1tico<\/a><\/p>\n\n\n\n<p>(Funes Journal):&nbsp;<a href=\"http:\/\/www.serena.unina.it\/index.php\/funes\/article\/view\/7468\">Mise en sc\u00e8ne de la m\u00e9moire d&#8217;un g\u00e9nocide : images dialectiques et lisibilit\u00e9 de l&#8217;histoire<\/a><\/p>\n\n\n\n<p>(Anais Coninter):&nbsp;<a href=\"https:\/\/www.even3.com.br\/anais\/coninter2020\/298659-a-potencia-dos-vestigios-em-nostalgia-da-luz--memoria-esquecimento-e-legibilidade-da-historia\/\">A pot\u00eancia dos vest\u00edgios em &#8220;Nostalgia da Luz&#8221;: mem\u00f3ria, esquecimento e legibilidade da hist\u00f3ria<\/a><\/p>\n\n\n\n<p>(Revista Imagofagia):&nbsp;<a href=\"http:\/\/asaeca.org\/imagofagia\/index.php\/imagofagia\/article\/view\/826\">Time and time again: o tempo redescoberto em Twin Peaks: the return<\/a><\/p>\n\n\n\n<p>(Anais da da IV Jornada Internacional GEMInIS) <a href=\"https:\/\/doity.com.br\/media\/doity\/submissoes\/artigo-f19162589525df99319514b830a6e3afce55850a-arquivo.pdf\">Po\u00e9ticas da imagem e do som: estudos sobre a mem\u00f3ria no audiovisual.<\/a><\/p>\n\n\n\n<p><a href=\"https:\/\/drive.google.com\/file\/d\/1hw1zG-6AsdRxTU-oQU3twdBmJHSPviqC\/view\">(I Col\u00f3quio Hist\u00f3ria, Cinema e Audiovisual do Centro-Oeste): 5 trabalhos apresentado<\/a><\/p>\n\n\n\n<ul class=\"wp-block-list\"><li>1.Tereza Trautman e os homens que eu tive: reflex\u00f5es sobre uma audaciosa passagem pela pornochanchada<\/li><\/ul>\n\n\n\n<ul class=\"wp-block-list\"><li>2. Cinema mato-grossense realizado por mulheres: uma abordagem da filmografia de Gl\u00f3ria Albu\u00e9s<\/li><\/ul>\n\n\n\n<ul class=\"wp-block-list\"><li>3. Mem\u00f3rias LGBTQIA+ no cinema brasileiro: uma an\u00e1lise de &#8216;Lampi\u00e3o da esquina&#8217;<\/li><\/ul>\n\n\n\n<ul class=\"wp-block-list\"><li>4. Filmar o inimigo: dispositivos f\u00edlmicos diante da barb\u00e1rie<\/li><\/ul>\n\n\n\n<ul class=\"wp-block-list\"><li>5.Cinema Negro de Mato Grosso, O que \u00e9?<\/li><\/ul>\n\n\n\n<p>(XXIV SOCINE): <a href=\"https:\/\/associado.socine.org.br\/anais\/2021\/21198\/leticia_x_l_capanema\/memoria_e_barbarie_dispositivos_confessionais_no_cinema_documentario\">Mem\u00f3ria e barb\u00e1rie: dispositivos confessionais no cinema document\u00e1rio<\/a><\/p>\n\n\n\n<p>(XXIV SOCINE): <a href=\"https:\/\/www.socine.org\/wp-content\/uploads\/anais\/AnaisDeTextosCompletos2021(XXIV).pdf\">\u201cA Cilada com Cinco Morenos\u201d: P\u00e9rola Negra do Cinema Mato-grossense<\/a><\/p>\n\n\n\n<p>(31\u00b0 Simp\u00f3sio Nacional de Hist\u00f3ria): <a href=\"https:\/\/www.snh2021.anpuh.org\/resources\/anais\/8\/snh2021\/1617831725_ARQUIVO_2e494dcf0de718e5b260cfff0b0d8e8a.pdf\">O dispositivo f\u00edlmico em &#8216;Pastor Cl\u00e1udio&#8217;: mem\u00f3ria e confiss\u00e3o<\/a><\/p>\n\n\n\n<p><br>(Anais do 26\u00ba Congresso de Ci\u00eancias da Comunica\u00e7\u00e3o na Regi\u00e3o Centro-Oeste. S\u00e3o Paulo: Intercom, 2023.) MATSUOKA, L. S.; CAPANEMA, L. X. L. <a rel=\"noreferrer noopener\" href=\"https:\/\/www.portalintercom.org.br\/anais\/centrooeste2023\/listaIJ.php?ij=12\" target=\"_blank\">A representa\u00e7\u00e3o da mulher amarela no filme Gaijin &#8211; Caminhos da Liberdade (1980), de Tizuka Yamasaki <\/a><\/p>\n\n\n\n<p>(Anais do 26\u00ba Congresso de Ci\u00eancias da Comunica\u00e7\u00e3o na Regi\u00e3o Centro-Oeste. S\u00e3o Paulo: Intercom, 2023.) CAPANEMA, L. X. L.; QUINTANILHA, P. M. <a rel=\"noreferrer noopener\" href=\"http:\/\/CAPANEMA, L. X. L.; QUINTANILHA, P. M. Alegorias da condi\u00e7\u00e3o feminina no cinema de Ana Carolina: uma an\u00e1lise de 'Mar de Rosas'\" target=\"_blank\">Alegorias da condi\u00e7\u00e3o feminina no cinema de Ana Carolina: uma an\u00e1lise de &#8216;Mar de Rosas&#8217;<\/a><\/p>\n\n\n\n<p>(Anais do 26\u00ba Congresso de Ci\u00eancias da Comunica\u00e7\u00e3o na Regi\u00e3o Centro-Oeste. S\u00e3o Paulo: Intercom, 2023.) CAVALCANTE, D. R. S.;\u00a0<strong>CAPANEMA, L. X. L.<\/strong> B<a rel=\"noreferrer noopener\" href=\"http:\/\/CAVALCANTE, D. R. S.; CAPANEMA, L. X. L. Bixas Pretas: pol\u00edticas do olhar e a arte da afetividade\" target=\"_blank\">ixas Pretas: pol\u00edticas do olhar e a arte da afetividade\u00a0<\/a><\/p>\n\n\n\n<p>(Anais do 26\u00ba Congresso de Ci\u00eancias da Comunica\u00e7\u00e3o na Regi\u00e3o Centro-Oeste. S\u00e3o Paulo: Intercom, 2023.) GONCALVES, L. A. R.; SOUZA, V. G. P.; CAPANEMA, L. X. L. <a href=\"https:\/\/www.portalintercom.org.br\/anais\/centrooeste2023\/listaDT.php?dt=4\" target=\"_blank\" rel=\"noreferrer noopener\">Nostalgia e P\u00e2nico Sat\u00e2nico em Stranger Things<\/a><\/p>\n\n\n\n<p><strong>Projeto de Pesquisa:<\/strong> <strong>Mem\u00f3ria e preserva\u00e7\u00e3o do cinema e audiovisual em Mato Grosso &#8211;\u00a0acervo, hist\u00f3ria e cineclubismo<\/strong><\/p>\n\n\n\n<p>SIQUEIRA, A. N. W.; LIMA, D. B.; COSTA, G. M.;\u00a0<strong>CAPANEMA, L. X. L.<\/strong><br><a rel=\"noreferrer noopener\" href=\"https:\/\/paruna.com.br\/wp-content\/uploads\/2022\/10\/cinema-audiovisual-em-mato-grosso-ebook-paruna-1.pdf\" target=\"_blank\">Cinema e Audiovisual em Mato Grosso<\/a>. S\u00e3o Paulo: Paruna Editorial, 2022, v.1. p.380.<\/p>\n\n\n\n<p><strong>Outras pesquisas<\/strong><\/p>\n\n\n\n<p>\u00a0<a href=\"https:\/\/www.revistas.usp.br\/matrizes\/article\/view\/189490\">Pr\u00e1xis da an\u00e1lise televisiva em quatro eixos te\u00f3rico-metodol\u00f3gicos.<\/a> MATRIZES (ONLINE), v. 16, p. 283-291, 2022.<\/p>\n","protected":false},"excerpt":{"rendered":"<p>Trabalhos publicados: Projeto de Pesquisa: Desastre e risco: arranjos midi\u00e1ticos e constru\u00e7\u00e3o de discursos em narrativas ficcionais e n\u00e3o ficcionais (Anais Intercom) Est\u00e9ticas, narrativas e modos de produ\u00e7\u00e3o da fic\u00e7\u00e3o televisiva em tempos de pandemia: um estudo da s\u00e9rie &#8216;Di\u00e1rio de um Confinado&#8217; (Anais Coninter): Pol\u00edticas da cultura em tempos [&hellip;]<\/p>\n","protected":false},"author":2,"featured_media":38,"parent":0,"menu_order":0,"comment_status":"closed","ping_status":"closed","template":"","meta":{"footnotes":""},"class_list":["post-45","page","type-page","status-publish","has-post-thumbnail","hentry"],"_hostinger_reach_plugin_has_subscription_block":false,"_hostinger_reach_plugin_is_elementor":false,"_links":{"self":[{"href":"https:\/\/gecas.com.br\/index.php?rest_route=\/wp\/v2\/pages\/45","targetHints":{"allow":["GET"]}}],"collection":[{"href":"https:\/\/gecas.com.br\/index.php?rest_route=\/wp\/v2\/pages"}],"about":[{"href":"https:\/\/gecas.com.br\/index.php?rest_route=\/wp\/v2\/types\/page"}],"author":[{"embeddable":true,"href":"https:\/\/gecas.com.br\/index.php?rest_route=\/wp\/v2\/users\/2"}],"replies":[{"embeddable":true,"href":"https:\/\/gecas.com.br\/index.php?rest_route=%2Fwp%2Fv2%2Fcomments&post=45"}],"version-history":[{"count":16,"href":"https:\/\/gecas.com.br\/index.php?rest_route=\/wp\/v2\/pages\/45\/revisions"}],"predecessor-version":[{"id":238,"href":"https:\/\/gecas.com.br\/index.php?rest_route=\/wp\/v2\/pages\/45\/revisions\/238"}],"wp:featuredmedia":[{"embeddable":true,"href":"https:\/\/gecas.com.br\/index.php?rest_route=\/"}],"wp:attachment":[{"href":"https:\/\/gecas.com.br\/index.php?rest_route=%2Fwp%2Fv2%2Fmedia&parent=45"}],"curies":[{"name":"wp","href":"https:\/\/api.w.org\/{rel}","templated":true}]}}