{"id":77,"date":"2021-06-30T18:48:15","date_gmt":"2021-06-30T21:48:15","guid":{"rendered":"http:\/\/gecas.provisorio.ws\/?page_id=77"},"modified":"2026-04-12T21:23:11","modified_gmt":"2026-04-12T21:23:11","slug":"integrantes","status":"publish","type":"page","link":"https:\/\/gecas.com.br\/?page_id=77","title":{"rendered":"Integrantes"},"content":{"rendered":"\n<p><strong><span class=\"has-inline-color has-header-gradient-color\">L\u00edderes<\/span><\/strong><\/p>\n\n\n\n<p><strong>Ana Graciela Mendes Fernandes da Fonseca Voltolini<\/strong><br>P\u00f3s-doutorado em Estudos de Cultura Contempor\u00e2nea pela Universidade Federal de Mato Grosso (UFMT). Doutora em Comunica\u00e7\u00e3o Social pela Universidade Metodista de S\u00e3o Paulo. Docente do Programa de P\u00f3s-Gradua\u00e7\u00e3o em Ensino (UNIC\/IFMT) e nos cursos de Jornalismo e Publicidade.<br>\u00c1reas de pesquisa: Cinema, Audiovisual e Educa\u00e7\u00e3o. Multiletramentos. Educa\u00e7\u00e3o Midi\u00e1tica<br><a rel=\"noreferrer noopener\" href=\"http:\/\/lattes.cnpq.br\/1689227823117809\" data-type=\"URL\" data-id=\"http:\/\/lattes.cnpq.br\/1689227823117809\" target=\"_blank\">Curr\u00edculo lattes<\/a><\/p>\n\n\n\n<p><strong>Let\u00edcia Xavier de Lemos Capanema<\/strong><br>Doutora em Comunica\u00e7\u00e3o e Semi\u00f3tica pela PUC\/SP e professora do Programa de P\u00f3s-gradua\u00e7\u00e3o em Comunica\u00e7\u00e3o (PPGCOM) e dos bacharelados em Cinema e Audiovisual e em Radialismo da UFMT.<br>\u00c1reas de pesquisa: Cinema. Televis\u00e3o. Audiovisual. Est\u00e9tica. Narrativa. Mem\u00f3ria.<br><a rel=\"noreferrer noopener\" href=\"http:\/\/lattes.cnpq.br\/7534595274780129\" data-type=\"URL\" data-id=\"http:\/\/lattes.cnpq.br\/7534595274780129\" target=\"_blank\">Curr\u00edculo lattes<\/a><\/p>\n\n\n\n<p><strong><span class=\"has-inline-color has-header-gradient-color\">Pesquisadores , docentes e t\u00e9cnicos<\/span><\/strong><\/p>\n\n\n\n<p>Aline Wendpap Nunes de Siqueira (UFMT)<\/p>\n\n\n\n<p>Alessandro Flaviano de Souza (UFMT)<\/p>\n\n\n\n<p>Andr\u00e9a Ferraz Fernandez (UFMT)<\/p>\n\n\n\n<p>Cl\u00e1udia da Consola\u00e7\u00e3o Moreira (UFMT)<\/p>\n\n\n\n<p>Cl\u00e1udio Aurelio Leal Dias Filho (IFMT)<\/p>\n\n\n\n<p>Diego Baraldi de Lima (UFMT)<\/p>\n\n\n\n<p>Gabriel Costa Correia (UFMT)<\/p>\n\n\n\n<p>Gilson Moraes da Costa (UFMT)<\/p>\n\n\n\n<p>Luzo Vinicius Pedroso Reis (UFMT)<\/p>\n\n\n\n<p>Luiz Alberto Rodrigues Gon\u00e7alves (UFMT)<\/p>\n\n\n\n<p>Priscila Lima Freitas (UFMT)<\/p>\n\n\n\n<p>Sabrina Ten\u00f3rio Luna da Silva (UFMT)<\/p>\n\n\n\n<p>Thelma Michella Saddi (UFMT)<\/p>\n\n\n\n<p><strong><span class=\"has-inline-color has-header-gradient-color\">Discentes<\/span><\/strong><\/p>\n\n\n\n<p>Daniel Carvalho dos Santos (graduando)<\/p>\n\n\n\n<p>Gabriel Padilha Magalh\u00e3es (graduando)<\/p>\n\n\n\n<p>Jo\u00e3o Paulo Passos Couto (mestrando)<\/p>\n\n\n\n<p>Hermano Lopes Sanches (graduando)<\/p>\n\n\n\n<p>Luiza Antonia Correia de Barros (graduanda)<\/p>\n\n\n\n<p>Isabelle Fanaia (mestranda)<\/p>\n\n\n\n<p>Rodrigo Pereira Silva Fonseca (mestrando)<\/p>\n\n\n\n<p><\/p>\n","protected":false},"excerpt":{"rendered":"<p>L\u00edderes Ana Graciela Mendes Fernandes da Fonseca VoltoliniP\u00f3s-doutorado em Estudos de Cultura Contempor\u00e2nea pela Universidade Federal de Mato Grosso (UFMT). Doutora em Comunica\u00e7\u00e3o Social pela Universidade Metodista de S\u00e3o Paulo. Docente do Programa de P\u00f3s-Gradua\u00e7\u00e3o em Ensino (UNIC\/IFMT) e nos cursos de Jornalismo e Publicidade.\u00c1reas de pesquisa: Cinema, Audiovisual e [&hellip;]<\/p>\n","protected":false},"author":2,"featured_media":0,"parent":0,"menu_order":0,"comment_status":"closed","ping_status":"closed","template":"","meta":{"footnotes":""},"class_list":["post-77","page","type-page","status-publish","hentry"],"_hostinger_reach_plugin_has_subscription_block":false,"_hostinger_reach_plugin_is_elementor":false,"_links":{"self":[{"href":"https:\/\/gecas.com.br\/index.php?rest_route=\/wp\/v2\/pages\/77","targetHints":{"allow":["GET"]}}],"collection":[{"href":"https:\/\/gecas.com.br\/index.php?rest_route=\/wp\/v2\/pages"}],"about":[{"href":"https:\/\/gecas.com.br\/index.php?rest_route=\/wp\/v2\/types\/page"}],"author":[{"embeddable":true,"href":"https:\/\/gecas.com.br\/index.php?rest_route=\/wp\/v2\/users\/2"}],"replies":[{"embeddable":true,"href":"https:\/\/gecas.com.br\/index.php?rest_route=%2Fwp%2Fv2%2Fcomments&post=77"}],"version-history":[{"count":10,"href":"https:\/\/gecas.com.br\/index.php?rest_route=\/wp\/v2\/pages\/77\/revisions"}],"predecessor-version":[{"id":308,"href":"https:\/\/gecas.com.br\/index.php?rest_route=\/wp\/v2\/pages\/77\/revisions\/308"}],"wp:attachment":[{"href":"https:\/\/gecas.com.br\/index.php?rest_route=%2Fwp%2Fv2%2Fmedia&parent=77"}],"curies":[{"name":"wp","href":"https:\/\/api.w.org\/{rel}","templated":true}]}}