{"id":78,"date":"2021-06-30T18:48:15","date_gmt":"2021-06-30T21:48:15","guid":{"rendered":"http:\/\/gecas.provisorio.ws\/?page_id=78"},"modified":"2023-08-05T16:06:20","modified_gmt":"2023-08-05T16:06:20","slug":"pesquisas","status":"publish","type":"page","link":"https:\/\/gecas.com.br\/?page_id=78","title":{"rendered":"Pesquisas"},"content":{"rendered":"\n<p><strong>Projeto de Pesquisa: Habilidades para a Cultura Digital na Base Nacional Comum Curricular<\/strong><\/p>\n\n\n\n<p>Coordena\u00e7\u00e3o: Profa. Ana Graciela M. F. da F. Voltolini<\/p>\n\n\n\n<p><strong>Projeto de Pesquisa: Narrativas da Mem\u00f3ria no Audiovisual: lembran\u00e7a, esquecimento e legibilidade hist\u00f3rica<\/strong><\/p>\n\n\n\n<p>Coordena\u00e7\u00e3o: Profa. Let\u00edcia X. L. Capanema<\/p>\n\n\n\n<p><strong>Projeto de Pesquisa: Desastre e risco: arranjos midi\u00e1ticos e constru\u00e7\u00e3o de discursos em narrativas ficcionais e n\u00e3o ficcionais<\/strong><\/p>\n\n\n\n<p>Coordena\u00e7\u00e3o: Profa. Andrea Ferraz Fernandez<\/p>\n\n\n\n<p><strong>Projeto de Pesquisa:<\/strong> <strong>Mem\u00f3ria e preserva\u00e7\u00e3o do cinema e audiovisual em Mato Grosso &#8211;\u00a0acervo, hist\u00f3ria e cineclubismo<\/strong><\/p>\n\n\n\n<p>Coordena\u00e7\u00e3o: Profa. Let\u00edcia X. L. Capanema<\/p>\n\n\n\n<p>Equipe: <\/p>\n\n\n\n<p>Aline Wendpap Nunes de Siqueira (UFMT)<br>Ana Graciela da Fonseca Voltolini (UNIC)<br>Claudio Aurelio Leal Dias Filho (IFMT)<br>Diego Baraldi de Lima (UFMT)<br>Gilson Moraes da Costa (UFMT)<br>Luzo Vinicius Pedroso Reis (UFMT)<br>Moacir Francisco de Sant&#8217;Ana Barros (UFMT)<br>Sabrina Ten\u00f3rio Luna da Silva (UFMT)<br>Thelma Michella Saddi (UFMT)<\/p>\n","protected":false},"excerpt":{"rendered":"<p>Projeto de Pesquisa: Habilidades para a Cultura Digital na Base Nacional Comum Curricular Coordena\u00e7\u00e3o: Profa. Ana Graciela M. F. da F. Voltolini Projeto de Pesquisa: Narrativas da Mem\u00f3ria no Audiovisual: lembran\u00e7a, esquecimento e legibilidade hist\u00f3rica Coordena\u00e7\u00e3o: Profa. Let\u00edcia X. L. Capanema Projeto de Pesquisa: Desastre e risco: arranjos midi\u00e1ticos e [&hellip;]<\/p>\n","protected":false},"author":2,"featured_media":0,"parent":0,"menu_order":0,"comment_status":"closed","ping_status":"closed","template":"","meta":{"footnotes":""},"class_list":["post-78","page","type-page","status-publish","hentry"],"_hostinger_reach_plugin_has_subscription_block":false,"_hostinger_reach_plugin_is_elementor":false,"_links":{"self":[{"href":"https:\/\/gecas.com.br\/index.php?rest_route=\/wp\/v2\/pages\/78","targetHints":{"allow":["GET"]}}],"collection":[{"href":"https:\/\/gecas.com.br\/index.php?rest_route=\/wp\/v2\/pages"}],"about":[{"href":"https:\/\/gecas.com.br\/index.php?rest_route=\/wp\/v2\/types\/page"}],"author":[{"embeddable":true,"href":"https:\/\/gecas.com.br\/index.php?rest_route=\/wp\/v2\/users\/2"}],"replies":[{"embeddable":true,"href":"https:\/\/gecas.com.br\/index.php?rest_route=%2Fwp%2Fv2%2Fcomments&post=78"}],"version-history":[{"count":4,"href":"https:\/\/gecas.com.br\/index.php?rest_route=\/wp\/v2\/pages\/78\/revisions"}],"predecessor-version":[{"id":240,"href":"https:\/\/gecas.com.br\/index.php?rest_route=\/wp\/v2\/pages\/78\/revisions\/240"}],"wp:attachment":[{"href":"https:\/\/gecas.com.br\/index.php?rest_route=%2Fwp%2Fv2%2Fmedia&parent=78"}],"curies":[{"name":"wp","href":"https:\/\/api.w.org\/{rel}","templated":true}]}}